{"id":326,"date":"2015-09-10T20:56:52","date_gmt":"2015-09-10T20:56:52","guid":{"rendered":"http:\/\/exposec.tmp.br\/16\/?page_id=326"},"modified":"2026-02-06T11:28:55","modified_gmt":"2026-02-06T14:28:55","slug":"expectations-for","status":"publish","type":"page","link":"https:\/\/feirafisp.com.br\/en\/expectations-for\/","title":{"rendered":"Expectations for"},"content":{"rendered":"<p><div class=\"bt_bb_separator_v2 bt_bb_border_style_none bt_bb_top_spacing_medium bt_bb_icon_size_normal bt_bb_text_size_normal bt_bb_separator_v2_without_content\" data-bt-override-class=\"null\"><div class=\"bt_bb_separator_v2_inner\"><span class=\"bt_bb_separator_v2_inner_before\"><\/span><span class=\"bt_bb_separator_v2_inner_content\"><span  data-ico-=\"&#x;\" class=\"bt_bb_icon_holder\"><\/span><\/span><span class=\"bt_bb_separator_v2_inner_after\"><\/span><\/div><\/div><div  class=\"bt_bb_row_inner\" ><div  class=\"bt_bb_column_inner col-xl-3 bt_bb_align_center bt_bb_vertical_align_top bt_bb_padding_normal\"  data-width=\"3\" data-bt-override-class=\"{}\"><div class=\"bt_bb_column_inner_content\"><div  class=\"bt_bb_text\" ><\/p>\n<p><img loading=\"lazy\" class=\" size-full wp-image-2741 aligncenter\" src=\"http:\/\/feirafisp.com.br\/wp-content\/uploads\/2015\/09\/img-expectativas-marcas.png\" alt=\"Expectativas Fisp - Marcas Expositoras\" width=\"108\" height=\"103\" \/><\/p>\n<p>\n<\/div><\/div><\/div><div  class=\"bt_bb_column_inner col-xl-9 bt_bb_align_left bt_bb_vertical_align_top\"  data-width=\"9\" data-bt-override-class=\"{}\"><div class=\"bt_bb_column_inner_content\"><div  class=\"bt_bb_text\" ><\/p>\n<p><strong style=\"font-size: 52px; color: #2ba554;\">800 <\/strong><strong style=\"font-size: 36px;\">EXHIBIT BRANDS<\/strong><\/p>\n<p>\n<\/div><\/div><\/div><\/div><div class=\"bt_bb_separator_v2 bt_bb_border_style_none bt_bb_top_spacing_medium bt_bb_icon_size_normal bt_bb_text_size_normal bt_bb_separator_v2_without_content\" data-bt-override-class=\"null\"><div class=\"bt_bb_separator_v2_inner\"><span class=\"bt_bb_separator_v2_inner_before\"><\/span><span class=\"bt_bb_separator_v2_inner_content\"><span  data-ico-=\"&#x;\" class=\"bt_bb_icon_holder\"><\/span><\/span><span class=\"bt_bb_separator_v2_inner_after\"><\/span><\/div><\/div><div  class=\"bt_bb_row_inner\" ><div  class=\"bt_bb_column_inner col-xl-3 bt_bb_align_center bt_bb_vertical_align_top bt_bb_padding_normal\"  data-width=\"3\" data-bt-override-class=\"{}\"><div class=\"bt_bb_column_inner_content\"><div  class=\"bt_bb_text\" ><\/p>\n<p><img loading=\"lazy\" class=\"alignnone size-full wp-image-2742 aligncenter\" src=\"http:\/\/feirafisp.com.br\/wp-content\/uploads\/2015\/09\/img-expectativas-profissionais.png\" alt=\"Expectativas Fisp - Profissionais do Setor\" width=\"113\" height=\"103\" \/><\/p>\n<p>\n<\/div><\/div><\/div><div  class=\"bt_bb_column_inner col-xl-9 bt_bb_align_left bt_bb_vertical_align_top\"  data-width=\"9\" data-bt-override-class=\"{}\"><div class=\"bt_bb_column_inner_content\"><div  class=\"bt_bb_text\" ><\/p>\n<p><strong style=\"font-size: 52px; color: #2ba554;\">+64,000 <\/strong><strong style=\"font-size: 36px;\">INDUSTRY PROFESSIONALS*<\/strong><\/p>\n<p>\n<\/div><\/div><\/div><\/div><div class=\"bt_bb_separator_v2 bt_bb_border_style_none bt_bb_top_spacing_medium bt_bb_icon_size_normal bt_bb_text_size_normal bt_bb_separator_v2_without_content\" data-bt-override-class=\"null\"><div class=\"bt_bb_separator_v2_inner\"><span class=\"bt_bb_separator_v2_inner_before\"><\/span><span class=\"bt_bb_separator_v2_inner_content\"><span  data-ico-=\"&#x;\" class=\"bt_bb_icon_holder\"><\/span><\/span><span class=\"bt_bb_separator_v2_inner_after\"><\/span><\/div><\/div><div  class=\"bt_bb_row_inner\" ><div  class=\"bt_bb_column_inner col-xl-3 bt_bb_align_center bt_bb_vertical_align_top bt_bb_padding_normal\"  data-width=\"3\" data-bt-override-class=\"{}\"><div class=\"bt_bb_column_inner_content\"><div  class=\"bt_bb_text\" ><\/p>\n<p><img loading=\"lazy\" class=\"alignnone size-full wp-image-2740 aligncenter\" src=\"http:\/\/feirafisp.com.br\/wp-content\/uploads\/2015\/09\/img-expectativas-area.png\" alt=\"Expectativas Fisp - \u00c1rea de Exposi\u00e7\u00e3o\" width=\"138\" height=\"103\" \/><\/p>\n<p>\n<\/div><\/div><\/div><div  class=\"bt_bb_column_inner col-xl-9 bt_bb_align_left bt_bb_vertical_align_top\"  data-width=\"9\" data-bt-override-class=\"{}\"><div class=\"bt_bb_column_inner_content\"><div  class=\"bt_bb_text\" ><\/p>\n<p><strong style=\"font-size: 52px; color: #2ba554;\">42 MIL <\/strong><strong style=\"font-size: 36px;\">M<sup>2<\/sup> DE \u00c1REA DE EXPOSI\u00c7\u00c3O<\/strong><\/p>\n<p>\n<\/div><\/div><\/div><\/div><div  class=\"bt_bb_text\" ><\/p>\n<p>* Among with\u00a0Fire Show | International Fire Fair<\/p>\n<p>\n<\/div><\/p>\n","protected":false},"excerpt":{"rendered":"","protected":false},"author":2,"featured_media":0,"parent":0,"menu_order":0,"comment_status":"closed","ping_status":"open","template":"","meta":{"_mi_skip_tracking":false},"yoast_head":"<!-- This site is optimized with the Yoast SEO plugin v18.1 - https:\/\/yoast.com\/wordpress\/plugins\/seo\/ -->\n<title>Expectations for Fisp | International Fair of Safety and Protection<\/title>\n<meta name=\"description\" content=\"Check Out the Expectations for Fisp, All Production Chain Providing the Ideal Environment for Business Generation and Networking.\" \/>\n<meta name=\"robots\" content=\"index, follow, max-snippet:-1, max-image-preview:large, max-video-preview:-1\" \/>\n<link rel=\"canonical\" href=\"https:\/\/feirafisp.com.br\/en\/expectations-for\/\" \/>\n<meta property=\"og:locale\" content=\"pt_BR\" \/>\n<meta property=\"og:type\" content=\"article\" \/>\n<meta property=\"og:title\" content=\"Expectations for Fisp | International Fair of Safety and Protection\" \/>\n<meta property=\"og:description\" content=\"Check Out the Expectations for Fisp, All Production Chain Providing the Ideal Environment for Business Generation and Networking.\" \/>\n<meta property=\"og:url\" content=\"https:\/\/feirafisp.com.br\/en\/expectations-for\/\" \/>\n<meta property=\"og:site_name\" content=\"FISP 2026\" \/>\n<meta property=\"article:modified_time\" content=\"2026-02-06T14:28:55+00:00\" \/>\n<meta property=\"og:image\" content=\"http:\/\/feirafisp.com.br\/wp-content\/uploads\/2015\/09\/img-expectativas-marcas.png\" \/>\n<meta name=\"twitter:card\" content=\"summary\" \/>\n<meta name=\"twitter:label1\" content=\"Est. tempo de leitura\" \/>\n\t<meta name=\"twitter:data1\" content=\"2 minutos\" \/>\n<script type=\"application\/ld+json\" class=\"yoast-schema-graph\">{\"@context\":\"https:\/\/schema.org\",\"@graph\":[{\"@type\":\"WebSite\",\"@id\":\"https:\/\/feirafisp.com.br\/en\/#website\",\"url\":\"https:\/\/feirafisp.com.br\/en\/\",\"name\":\"FISP 2026\",\"description\":\"International Fair of Safety and Protection\",\"potentialAction\":[{\"@type\":\"SearchAction\",\"target\":{\"@type\":\"EntryPoint\",\"urlTemplate\":\"https:\/\/feirafisp.com.br\/en\/?s={search_term_string}\"},\"query-input\":\"required name=search_term_string\"}],\"inLanguage\":\"pt-BR\"},{\"@type\":\"ImageObject\",\"@id\":\"https:\/\/feirafisp.com.br\/en\/expectations-for\/#primaryimage\",\"inLanguage\":\"pt-BR\",\"url\":\"http:\/\/feirafisp.com.br\/wp-content\/uploads\/2015\/09\/img-expectativas-marcas.png\",\"contentUrl\":\"http:\/\/feirafisp.com.br\/wp-content\/uploads\/2015\/09\/img-expectativas-marcas.png\"},{\"@type\":\"WebPage\",\"@id\":\"https:\/\/feirafisp.com.br\/en\/expectations-for\/#webpage\",\"url\":\"https:\/\/feirafisp.com.br\/en\/expectations-for\/\",\"name\":\"Expectations for Fisp | International Fair of Safety and Protection\",\"isPartOf\":{\"@id\":\"https:\/\/feirafisp.com.br\/en\/#website\"},\"primaryImageOfPage\":{\"@id\":\"https:\/\/feirafisp.com.br\/en\/expectations-for\/#primaryimage\"},\"datePublished\":\"2015-09-10T20:56:52+00:00\",\"dateModified\":\"2026-02-06T14:28:55+00:00\",\"description\":\"Check Out the Expectations for Fisp, All Production Chain Providing the Ideal Environment for Business Generation and Networking.\",\"breadcrumb\":{\"@id\":\"https:\/\/feirafisp.com.br\/en\/expectations-for\/#breadcrumb\"},\"inLanguage\":\"pt-BR\",\"potentialAction\":[{\"@type\":\"ReadAction\",\"target\":[\"https:\/\/feirafisp.com.br\/en\/expectations-for\/\"]}]},{\"@type\":\"BreadcrumbList\",\"@id\":\"https:\/\/feirafisp.com.br\/en\/expectations-for\/#breadcrumb\",\"itemListElement\":[{\"@type\":\"ListItem\",\"position\":1,\"name\":\"In\u00edcio\",\"item\":\"https:\/\/feirafisp.com.br\/en\/\"},{\"@type\":\"ListItem\",\"position\":2,\"name\":\"Expectations for\"}]}]}<\/script>\n<!-- \/ Yoast SEO plugin. -->","yoast_head_json":{"title":"Expectations for Fisp | International Fair of Safety and Protection","description":"Check Out the Expectations for Fisp, All Production Chain Providing the Ideal Environment for Business Generation and Networking.","robots":{"index":"index","follow":"follow","max-snippet":"max-snippet:-1","max-image-preview":"max-image-preview:large","max-video-preview":"max-video-preview:-1"},"canonical":"https:\/\/feirafisp.com.br\/en\/expectations-for\/","og_locale":"pt_BR","og_type":"article","og_title":"Expectations for Fisp | International Fair of Safety and Protection","og_description":"Check Out the Expectations for Fisp, All Production Chain Providing the Ideal Environment for Business Generation and Networking.","og_url":"https:\/\/feirafisp.com.br\/en\/expectations-for\/","og_site_name":"FISP 2026","article_modified_time":"2026-02-06T14:28:55+00:00","og_image":[{"url":"http:\/\/feirafisp.com.br\/wp-content\/uploads\/2015\/09\/img-expectativas-marcas.png"}],"twitter_card":"summary","twitter_misc":{"Est. tempo de leitura":"2 minutos"},"schema":{"@context":"https:\/\/schema.org","@graph":[{"@type":"WebSite","@id":"https:\/\/feirafisp.com.br\/en\/#website","url":"https:\/\/feirafisp.com.br\/en\/","name":"FISP 2026","description":"International Fair of Safety and Protection","potentialAction":[{"@type":"SearchAction","target":{"@type":"EntryPoint","urlTemplate":"https:\/\/feirafisp.com.br\/en\/?s={search_term_string}"},"query-input":"required name=search_term_string"}],"inLanguage":"pt-BR"},{"@type":"ImageObject","@id":"https:\/\/feirafisp.com.br\/en\/expectations-for\/#primaryimage","inLanguage":"pt-BR","url":"http:\/\/feirafisp.com.br\/wp-content\/uploads\/2015\/09\/img-expectativas-marcas.png","contentUrl":"http:\/\/feirafisp.com.br\/wp-content\/uploads\/2015\/09\/img-expectativas-marcas.png"},{"@type":"WebPage","@id":"https:\/\/feirafisp.com.br\/en\/expectations-for\/#webpage","url":"https:\/\/feirafisp.com.br\/en\/expectations-for\/","name":"Expectations for Fisp | International Fair of Safety and Protection","isPartOf":{"@id":"https:\/\/feirafisp.com.br\/en\/#website"},"primaryImageOfPage":{"@id":"https:\/\/feirafisp.com.br\/en\/expectations-for\/#primaryimage"},"datePublished":"2015-09-10T20:56:52+00:00","dateModified":"2026-02-06T14:28:55+00:00","description":"Check Out the Expectations for Fisp, All Production Chain Providing the Ideal Environment for Business Generation and Networking.","breadcrumb":{"@id":"https:\/\/feirafisp.com.br\/en\/expectations-for\/#breadcrumb"},"inLanguage":"pt-BR","potentialAction":[{"@type":"ReadAction","target":["https:\/\/feirafisp.com.br\/en\/expectations-for\/"]}]},{"@type":"BreadcrumbList","@id":"https:\/\/feirafisp.com.br\/en\/expectations-for\/#breadcrumb","itemListElement":[{"@type":"ListItem","position":1,"name":"In\u00edcio","item":"https:\/\/feirafisp.com.br\/en\/"},{"@type":"ListItem","position":2,"name":"Expectations for"}]}]}},"_links":{"self":[{"href":"https:\/\/feirafisp.com.br\/en\/wp-json\/wp\/v2\/pages\/326"}],"collection":[{"href":"https:\/\/feirafisp.com.br\/en\/wp-json\/wp\/v2\/pages"}],"about":[{"href":"https:\/\/feirafisp.com.br\/en\/wp-json\/wp\/v2\/types\/page"}],"author":[{"embeddable":true,"href":"https:\/\/feirafisp.com.br\/en\/wp-json\/wp\/v2\/users\/2"}],"replies":[{"embeddable":true,"href":"https:\/\/feirafisp.com.br\/en\/wp-json\/wp\/v2\/comments?post=326"}],"version-history":[{"count":18,"href":"https:\/\/feirafisp.com.br\/en\/wp-json\/wp\/v2\/pages\/326\/revisions"}],"predecessor-version":[{"id":9475,"href":"https:\/\/feirafisp.com.br\/en\/wp-json\/wp\/v2\/pages\/326\/revisions\/9475"}],"wp:attachment":[{"href":"https:\/\/feirafisp.com.br\/en\/wp-json\/wp\/v2\/media?parent=326"}],"curies":[{"name":"wp","href":"https:\/\/api.w.org\/{rel}","templated":true}]}}